{"id":82,"date":"2022-10-13T11:12:32","date_gmt":"2022-10-13T09:12:32","guid":{"rendered":"https:\/\/portail-pro-swao.preprod.cetih.eu\/cms\/?page_id=82"},"modified":"2023-10-06T17:02:33","modified_gmt":"2023-10-06T15:02:33","slug":"notre-centre-de-formation","status":"publish","type":"page","link":"https:\/\/portail-pro-swao.preprod.cetih.eu\/cms\/notre-centre-de-formation\/","title":{"rendered":"Centre de formation"},"content":{"rendered":"\n<div style=\"height:25px\" aria-hidden=\"true\" class=\"wp-block-spacer\"><\/div>\n\n\n\n<p class=\"has-medium-font-size\">Notre mission est de former et accompagner les professionnels du b\u00e2timent, d\u00e9velopper l&#8217;apprentissage pratique de la pose, du fonctionnement, du d\u00e9pannage et de la r\u00e9glementation, de produits impactant la transition et la r\u00e9novation \u00e9nerg\u00e9tique de l&#8217;habitat.<\/p>\n\n\n\n<div style=\"height:25px\" aria-hidden=\"true\" class=\"wp-block-spacer\"><\/div>\n\n\n\n<div class=\"wp-block-columns is-layout-flex wp-container-core-columns-is-layout-9d6595d7 wp-block-columns-is-layout-flex\">\n<div class=\"wp-block-column is-layout-flow wp-block-column-is-layout-flow\" style=\"flex-basis:33.33%\">\n<blockquote class=\"wp-block-quote is-layout-flow wp-block-quote-is-layout-flow\"><p>Nos experts formateurs mettent leur savoir-faire \u00e0 disposition, avec une offre de formations adapt\u00e9es aux comp\u00e9tences et attentes vis\u00e9es.<\/p><\/blockquote>\n<\/div>\n\n\n\n<div class=\"wp-block-column is-layout-flow wp-block-column-is-layout-flow\" style=\"flex-basis:66.66%\">\n<figure class=\"wp-block-image size-full\"><img loading=\"lazy\" decoding=\"async\" width=\"1020\" height=\"502\" src=\"https:\/\/www.belmpro.fr\/wp-content\/uploads\/sites\/5\/2023\/10\/CFC-1.png\" alt=\"\" class=\"wp-image-2308\" srcset=\"https:\/\/portail-pro-belm.preprod.cetih.eu\/wp-content\/uploads\/sites\/5\/2023\/10\/CFC-1.png 1020w, https:\/\/portail-pro-belm.preprod.cetih.eu\/wp-content\/uploads\/sites\/5\/2023\/10\/CFC-1-300x148.png 300w, https:\/\/portail-pro-belm.preprod.cetih.eu\/wp-content\/uploads\/sites\/5\/2023\/10\/CFC-1-768x378.png 768w, https:\/\/portail-pro-belm.preprod.cetih.eu\/wp-content\/uploads\/sites\/5\/2023\/10\/CFC-1-600x295.png 600w\" sizes=\"auto, (max-width: 1020px) 100vw, 1020px\" \/><\/figure>\n<\/div>\n<\/div>\n\n\n\n<div style=\"height:25px\" aria-hidden=\"true\" class=\"wp-block-spacer\"><\/div>\n\n\n\n<h3 class=\"has-text-color wp-block-heading\" style=\"color:#f39200\"><strong>R\u00e9glementation DTU pose menuiseries 36.5<\/strong><\/h3>\n\n\n\n<ul class=\"wp-block-list\"><li>\u00catre en mesure d\u2019appliquer les r\u00e8gles de pose et les normes selon la r\u00e9glementation en vigueur<\/li><li>Identifier les points de contr\u00f4le lors de la r\u00e9ception des supports de ma\u00e7onnerie RE2020<\/li><li>Identifier les \u00e9volutions par rapport \u00e0 la RT2012<\/li><li>Cibler les principaux indicateurs<\/li><li>Se repr\u00e9senter les impacts des diff\u00e9rents produits par des \u00e9tudes de cas<\/li><\/ul>\n\n\n\n<div style=\"height:25px\" aria-hidden=\"true\" class=\"wp-block-spacer\"><\/div>\n\n\n\n<div class=\"wp-block-columns is-layout-flex wp-container-core-columns-is-layout-9d6595d7 wp-block-columns-is-layout-flex\">\n<div class=\"wp-block-column is-layout-flow wp-block-column-is-layout-flow\" style=\"flex-basis:66.66%\">\n<h3 class=\"has-text-color wp-block-heading\" style=\"color:#f39200\"><strong>Pose et r\u00e9glages<\/strong><\/h3>\n\n\n\n<ul class=\"wp-block-list\"><li>R\u00e9aliser des poses en neuf, en r\u00e9novation, en d\u00e9pose totale<\/li><li>R\u00e9aliser le montage et les r\u00e9glages des diff\u00e9rentes quincailleries et accessoires<\/li><li>R\u00e9aliser une prise de cotes <\/li><li>Faire un diagnostic d\u00e9faut d\u2019ouverture et de fermeture<\/li><li>R\u00e9aliser un recalage, changement de vitrage<\/li><\/ul>\n<\/div>\n\n\n\n<div class=\"wp-block-column is-layout-flow wp-block-column-is-layout-flow\" style=\"flex-basis:33.33%\">\n<figure class=\"wp-block-image size-full\"><img loading=\"lazy\" decoding=\"async\" width=\"1024\" height=\"695\" src=\"https:\/\/www.belmpro.fr\/wp-content\/uploads\/sites\/5\/2023\/10\/Page-CFC-1.png\" alt=\"\" class=\"wp-image-2309\" srcset=\"https:\/\/portail-pro-belm.preprod.cetih.eu\/wp-content\/uploads\/sites\/5\/2023\/10\/Page-CFC-1.png 1024w, https:\/\/portail-pro-belm.preprod.cetih.eu\/wp-content\/uploads\/sites\/5\/2023\/10\/Page-CFC-1-300x204.png 300w, https:\/\/portail-pro-belm.preprod.cetih.eu\/wp-content\/uploads\/sites\/5\/2023\/10\/Page-CFC-1-768x521.png 768w, https:\/\/portail-pro-belm.preprod.cetih.eu\/wp-content\/uploads\/sites\/5\/2023\/10\/Page-CFC-1-600x407.png 600w\" sizes=\"auto, (max-width: 1024px) 100vw, 1024px\" \/><\/figure>\n<\/div>\n<\/div>\n\n\n\n<div style=\"height:25px\" aria-hidden=\"true\" class=\"wp-block-spacer\"><\/div>\n\n\n\n<div class=\"wp-block-columns is-layout-flex wp-container-core-columns-is-layout-9d6595d7 wp-block-columns-is-layout-flex\">\n<div class=\"wp-block-column is-layout-flow wp-block-column-is-layout-flow\" style=\"flex-basis:33.33%\">\n<figure class=\"wp-block-image size-full\"><img loading=\"lazy\" decoding=\"async\" width=\"1024\" height=\"695\" src=\"https:\/\/www.belmpro.fr\/wp-content\/uploads\/sites\/5\/2023\/10\/Page-cfc2-1.jpg\" alt=\"\" class=\"wp-image-2310\" srcset=\"https:\/\/portail-pro-belm.preprod.cetih.eu\/wp-content\/uploads\/sites\/5\/2023\/10\/Page-cfc2-1.jpg 1024w, https:\/\/portail-pro-belm.preprod.cetih.eu\/wp-content\/uploads\/sites\/5\/2023\/10\/Page-cfc2-1-300x204.jpg 300w, https:\/\/portail-pro-belm.preprod.cetih.eu\/wp-content\/uploads\/sites\/5\/2023\/10\/Page-cfc2-1-768x521.jpg 768w, https:\/\/portail-pro-belm.preprod.cetih.eu\/wp-content\/uploads\/sites\/5\/2023\/10\/Page-cfc2-1-600x407.jpg 600w\" sizes=\"auto, (max-width: 1024px) 100vw, 1024px\" \/><\/figure>\n<\/div>\n\n\n\n<div class=\"wp-block-column is-layout-flow wp-block-column-is-layout-flow\" style=\"flex-basis:66.66%\">\n<h3 class=\"has-text-color wp-block-heading\" style=\"color:#f39200\"><strong>Diagnostic et d\u00e9pannage<\/strong><\/h3>\n\n\n\n<ul class=\"wp-block-list\"><li>Diagnostiquer des dysfonctionnements<\/li><li>Assurer le d\u00e9pannage<\/li><li>R\u00e9aliser les r\u00e9glages<\/li><li>D\u00e9panner un volet roulant<\/li><\/ul>\n<\/div>\n<\/div>\n\n\n\n<div style=\"height:0px\" aria-hidden=\"true\" class=\"wp-block-spacer\"><\/div>\n\n\n\n<h3 class=\"has-text-color wp-block-heading\" style=\"color:#f39200\"><strong>Domotique<\/strong> <\/h3>\n\n\n\n<ul class=\"wp-block-list\"><li>Somfy ou Delta Dore<\/li><li>Distinguer les composants d\u2019une menuiserie connect\u00e9e<\/li><li>R\u00e9aliser les branchements et le param\u00e9trage<\/li><li>Ex\u00e9cuter les diff\u00e9rentes \u00e9tapes d&#8217;installation, d&#8217;appairage et de programmation<\/li><li>Diagnostiquer les principales pannes et faire les r\u00e9glages n\u00e9cessaires<\/li><\/ul>\n\n\n\n<div style=\"height:25px\" aria-hidden=\"true\" class=\"wp-block-spacer\"><\/div>\n\n\n\n<p class=\"has-small-font-size\">Notre organisme \u00e9tant certifi\u00e9 Qualiopi, nos formations peuvent \u00eatre financ\u00e9es. Elles sont \u00e9galement ouvertes aux personnes en situation de handicap (contactez notre r\u00e9f\u00e9rent Handicap).<\/p>\n","protected":false},"excerpt":{"rendered":"<p>Notre mission est de former et accompagner les professionnels du b\u00e2timent, d\u00e9velopper l&#8217;apprentissage pratique de la pose, du fonctionnement, du d\u00e9pannage et de la r\u00e9glementation, de produits impactant la transition et la r\u00e9novation \u00e9nerg\u00e9tique de l&#8217;habitat. Nos experts formateurs mettent leur savoir-faire \u00e0 disposition, avec une offre de formations adapt\u00e9es aux comp\u00e9tences et attentes vis\u00e9es. [&hellip;]<\/p>\n","protected":false},"author":1,"featured_media":0,"parent":0,"menu_order":0,"comment_status":"closed","ping_status":"closed","template":"template-learning.php","meta":{"_acf_changed":false,"footnotes":""},"class_list":["post-82","page","type-page","status-publish","hentry"],"acf":[],"_links":{"self":[{"href":"https:\/\/portail-pro-swao.preprod.cetih.eu\/cms\/wp-json\/wp\/v2\/pages\/82","targetHints":{"allow":["GET"]}}],"collection":[{"href":"https:\/\/portail-pro-swao.preprod.cetih.eu\/cms\/wp-json\/wp\/v2\/pages"}],"about":[{"href":"https:\/\/portail-pro-swao.preprod.cetih.eu\/cms\/wp-json\/wp\/v2\/types\/page"}],"author":[{"embeddable":true,"href":"https:\/\/portail-pro-swao.preprod.cetih.eu\/cms\/wp-json\/wp\/v2\/users\/1"}],"replies":[{"embeddable":true,"href":"https:\/\/portail-pro-swao.preprod.cetih.eu\/cms\/wp-json\/wp\/v2\/comments?post=82"}],"version-history":[{"count":37,"href":"https:\/\/portail-pro-swao.preprod.cetih.eu\/cms\/wp-json\/wp\/v2\/pages\/82\/revisions"}],"predecessor-version":[{"id":2311,"href":"https:\/\/portail-pro-swao.preprod.cetih.eu\/cms\/wp-json\/wp\/v2\/pages\/82\/revisions\/2311"}],"wp:attachment":[{"href":"https:\/\/portail-pro-swao.preprod.cetih.eu\/cms\/wp-json\/wp\/v2\/media?parent=82"}],"curies":[{"name":"wp","href":"https:\/\/api.w.org\/{rel}","templated":true}]}}